{"id":1439,"date":"2025-09-23T13:19:48","date_gmt":"2025-09-23T13:19:48","guid":{"rendered":"https:\/\/phoenixbiosolutions.com\/acerca-del-impacto\/"},"modified":"2025-10-14T09:19:03","modified_gmt":"2025-10-14T09:19:03","slug":"acerca-del-impacto","status":"publish","type":"page","link":"https:\/\/phoenixbiosolutions.com\/es\/acerca-del-impacto\/","title":{"rendered":"Acerca del impacto"},"content":{"rendered":"\t\t<div data-elementor-type=\"wp-page\" data-elementor-id=\"1439\" class=\"elementor elementor-1439 elementor-1227\" data-elementor-post-type=\"page\">\n\t\t\t\t\t\t<section class=\"elementor-section elementor-top-section elementor-element elementor-element-0c24b4c elementor-section-height-full elementor-section-boxed elementor-section-height-default elementor-section-items-middle\" data-id=\"0c24b4c\" data-element_type=\"section\" data-settings=\"{&quot;background_background&quot;:&quot;classic&quot;}\">\n\t\t\t\t\t\t\t<div class=\"elementor-background-overlay\"><\/div>\n\t\t\t\t\t\t\t<div class=\"elementor-container elementor-column-gap-default\">\n\t\t\t\t\t<div class=\"elementor-column elementor-col-100 elementor-top-column elementor-element elementor-element-e9e2409\" data-id=\"e9e2409\" data-element_type=\"column\">\n\t\t\t<div class=\"elementor-widget-wrap elementor-element-populated\">\n\t\t\t\t\t\t<div class=\"elementor-element elementor-element-f930b8e elementor-widget__width-initial elementor-widget elementor-widget-heading\" data-id=\"f930b8e\" data-element_type=\"widget\" data-widget_type=\"heading.default\">\n\t\t\t\t\t<h1 class=\"elementor-heading-title elementor-size-default\">Nuestro impacto <\/h1>\t\t\t\t<\/div>\n\t\t\t\t<div class=\"elementor-element elementor-element-a028dd0 elementor-widget elementor-widget-spacer\" data-id=\"a028dd0\" data-element_type=\"widget\" data-widget_type=\"spacer.default\">\n\t\t\t\t\t\t\t<div class=\"elementor-spacer\">\n\t\t\t<div class=\"elementor-spacer-inner\"><\/div>\n\t\t<\/div>\n\t\t\t\t\t\t<\/div>\n\t\t\t\t<div class=\"elementor-element elementor-element-ebe3572 elementor-widget__width-auto elementor-view-default elementor-widget elementor-widget-icon\" data-id=\"ebe3572\" data-element_type=\"widget\" data-widget_type=\"icon.default\">\n\t\t\t\t\t\t\t<div class=\"elementor-icon-wrapper\">\n\t\t\t<a class=\"elementor-icon\" href=\"#about-us\">\n\t\t\t<svg xmlns=\"http:\/\/www.w3.org\/2000\/svg\" xmlns:xlink=\"http:\/\/www.w3.org\/1999\/xlink\" width=\"512\" height=\"512\" x=\"0\" y=\"0\" viewBox=\"0 0 32 32\" style=\"enable-background:new 0 0 512 512\" xml:space=\"preserve\"><g transform=\"matrix(1.3200000000000003,0,0,1.3200000000000003,-5.1200000000000045,-5.1200000000000045)\"><path fill=\"#FFFFFF\" fill-rule=\"evenodd\" d=\"M16 28C9.373 28 4 22.627 4 16S9.373 4 16 4s12 5.373 12 12-5.373 12-12 12zm-.5-18a.5.5 0 0 1 1 0v10a.5.5 0 0 1-1 0zm-4.096 8.839a.5.5 0 1 1 .707-.707L16 22.02l3.89-3.89a.5.5 0 0 1 .706.708l-4.242 4.243a.5.5 0 0 1-.708 0z\" clip-rule=\"evenodd\" opacity=\"0.5490196078431373\" data-original=\"#000000\"><\/path><\/g><\/svg>\t\t\t<\/a>\n\t\t<\/div>\n\t\t\t\t\t\t<\/div>\n\t\t\t\t\t<\/div>\n\t\t<\/div>\n\t\t\t\t\t<\/div>\n\t\t<\/section>\n\t\t\t\t<section class=\"elementor-section elementor-top-section elementor-element elementor-element-0b84585 elementor-section-content-middle elementor-reverse-tablet elementor-reverse-mobile_extra elementor-reverse-mobile elementor-section-boxed elementor-section-height-default elementor-section-height-default\" data-id=\"0b84585\" data-element_type=\"section\" id=\"about-us\">\n\t\t\t\t\t\t<div class=\"elementor-container elementor-column-gap-default\">\n\t\t\t\t\t<div class=\"elementor-column elementor-col-50 elementor-top-column elementor-element elementor-element-3902096\" data-id=\"3902096\" data-element_type=\"column\">\n\t\t\t<div class=\"elementor-widget-wrap elementor-element-populated\">\n\t\t\t\t\t\t<div class=\"elementor-element elementor-element-68aaa3a elementor-widget elementor-widget-heading\" data-id=\"68aaa3a\" data-element_type=\"widget\" data-widget_type=\"heading.default\">\n\t\t\t\t\t<h2 class=\"elementor-heading-title elementor-size-default\">Impacto ambiental<\/h2>\t\t\t\t<\/div>\n\t\t\t\t<div class=\"elementor-element elementor-element-27bff6e elementor-widget elementor-widget-text-editor\" data-id=\"27bff6e\" data-element_type=\"widget\" data-widget_type=\"text-editor.default\">\n\t\t\t\t\t\t\t\t\t<p>En el coraz\u00f3n de nuestra misi\u00f3n reside el compromiso de regenerar el planeta a trav\u00e9s de la innovaci\u00f3n. Nuestros bioestimulantes a base de microalgas est\u00e1n dise\u00f1ados para trabajar en armon\u00eda con la naturaleza, ofreciendo beneficios medibles para la salud del suelo y el ecosistema en general. <\/p><p>Al estimular los microorganismos beneficiosos involucrados en el ciclo del carbono, nuestras soluciones mejoran significativamente la <strong>captura de carbono org\u00e1nico del suelo<\/strong>, contribuyendo a la regeneraci\u00f3n del suelo a largo plazo. Este proceso no solo mejora la estructura y la fertilidad del suelo, sino que tambi\u00e9n desempe\u00f1a un papel vital en la mitigaci\u00f3n del cambio clim\u00e1tico. El impacto estimado de nuestros productos se traduce en <strong>decenas de toneladas adicionales de carbono secuestradas por hect\u00e1rea<\/strong>, lo que ayuda a compensar las emisiones agr\u00edcolas y a restaurar el equilibrio ecol\u00f3gico.  <\/p><p>Adem\u00e1s, nuestros bioestimulantes activan las comunidades microbianas vinculadas a los <strong>ciclos del nitr\u00f3geno y el f\u00f3sforo<\/strong>, mejorando la disponibilidad de nutrientes y la absorci\u00f3n por parte de los cultivos. Esta mejora natural reduce la necesidad de fertilizantes sint\u00e9ticos y otros insumos qu\u00edmicos en un <strong>10\u201330%<\/strong>, lo que disminuye los riesgos de contaminaci\u00f3n ambiental y promueve pr\u00e1cticas agr\u00edcolas sostenibles. <\/p><p>En esencia, nuestra tecnolog\u00eda transforma la agricultura en una fuerza regenerativa: una que cura el suelo, reduce la dependencia de productos qu\u00edmicos y contribuye a un planeta m\u00e1s saludable.<\/p>\t\t\t\t\t\t\t\t<\/div>\n\t\t\t\t\t<\/div>\n\t\t<\/div>\n\t\t\t\t<div class=\"elementor-column elementor-col-50 elementor-top-column elementor-element elementor-element-e4b4420\" data-id=\"e4b4420\" data-element_type=\"column\">\n\t\t\t<div class=\"elementor-widget-wrap elementor-element-populated\">\n\t\t\t\t\t\t<div class=\"elementor-element elementor-element-0790a64 elementor-widget elementor-widget-image\" data-id=\"0790a64\" data-element_type=\"widget\" data-widget_type=\"image.default\">\n\t\t\t\t\t\t\t\t\t\t\t\t\t\t\t<img fetchpriority=\"high\" decoding=\"async\" width=\"2000\" height=\"1333\" src=\"https:\/\/phoenixbiosolutions.com\/wp-content\/uploads\/2025\/09\/standard-quality-control-concept-m-1.webp\" class=\"attachment-full size-full wp-image-1441\" alt=\"\" srcset=\"https:\/\/phoenixbiosolutions.com\/wp-content\/uploads\/2025\/09\/standard-quality-control-concept-m-1.webp 2000w, https:\/\/phoenixbiosolutions.com\/wp-content\/uploads\/2025\/09\/standard-quality-control-concept-m-1-300x200.webp 300w, https:\/\/phoenixbiosolutions.com\/wp-content\/uploads\/2025\/09\/standard-quality-control-concept-m-1-1024x682.webp 1024w, https:\/\/phoenixbiosolutions.com\/wp-content\/uploads\/2025\/09\/standard-quality-control-concept-m-1-768x512.webp 768w, https:\/\/phoenixbiosolutions.com\/wp-content\/uploads\/2025\/09\/standard-quality-control-concept-m-1-1536x1024.webp 1536w\" sizes=\"(max-width: 2000px) 100vw, 2000px\" \/>\t\t\t\t\t\t\t\t\t\t\t\t\t\t\t<\/div>\n\t\t\t\t\t<\/div>\n\t\t<\/div>\n\t\t\t\t\t<\/div>\n\t\t<\/section>\n\t\t\t\t<section class=\"elementor-section elementor-top-section elementor-element elementor-element-2baa7b4 elementor-section-content-middle elementor-section-boxed elementor-section-height-default elementor-section-height-default\" data-id=\"2baa7b4\" data-element_type=\"section\" data-settings=\"{&quot;background_background&quot;:&quot;classic&quot;}\">\n\t\t\t\t\t\t<div class=\"elementor-container elementor-column-gap-default\">\n\t\t\t\t\t<div class=\"elementor-column elementor-col-50 elementor-top-column elementor-element elementor-element-1d614b1\" data-id=\"1d614b1\" data-element_type=\"column\">\n\t\t\t<div class=\"elementor-widget-wrap elementor-element-populated\">\n\t\t\t\t\t\t<div class=\"elementor-element elementor-element-62d4b48 elementor-widget elementor-widget-image\" data-id=\"62d4b48\" data-element_type=\"widget\" data-widget_type=\"image.default\">\n\t\t\t\t\t\t\t\t\t\t\t\t\t\t\t<img decoding=\"async\" width=\"2560\" height=\"1707\" src=\"https:\/\/phoenixbiosolutions.com\/wp-content\/uploads\/2025\/10\/SOCIAL-IMPACT-1-scaled.jpg\" class=\"attachment-full size-full wp-image-2285\" alt=\"\" srcset=\"https:\/\/phoenixbiosolutions.com\/wp-content\/uploads\/2025\/10\/SOCIAL-IMPACT-1-scaled.jpg 2560w, https:\/\/phoenixbiosolutions.com\/wp-content\/uploads\/2025\/10\/SOCIAL-IMPACT-1-300x200.jpg 300w, https:\/\/phoenixbiosolutions.com\/wp-content\/uploads\/2025\/10\/SOCIAL-IMPACT-1-1024x683.jpg 1024w, https:\/\/phoenixbiosolutions.com\/wp-content\/uploads\/2025\/10\/SOCIAL-IMPACT-1-768x512.jpg 768w, https:\/\/phoenixbiosolutions.com\/wp-content\/uploads\/2025\/10\/SOCIAL-IMPACT-1-1536x1024.jpg 1536w, https:\/\/phoenixbiosolutions.com\/wp-content\/uploads\/2025\/10\/SOCIAL-IMPACT-1-2048x1365.jpg 2048w\" sizes=\"(max-width: 2560px) 100vw, 2560px\" \/>\t\t\t\t\t\t\t\t\t\t\t\t\t\t\t<\/div>\n\t\t\t\t\t<\/div>\n\t\t<\/div>\n\t\t\t\t<div class=\"elementor-column elementor-col-50 elementor-top-column elementor-element elementor-element-59ef641\" data-id=\"59ef641\" data-element_type=\"column\">\n\t\t\t<div class=\"elementor-widget-wrap elementor-element-populated\">\n\t\t\t\t\t\t<div class=\"elementor-element elementor-element-edb39b3 elementor-widget elementor-widget-heading\" data-id=\"edb39b3\" data-element_type=\"widget\" data-widget_type=\"heading.default\">\n\t\t\t\t\t<h2 class=\"elementor-heading-title elementor-size-default\">Impacto social<\/h2>\t\t\t\t<\/div>\n\t\t\t\t<div class=\"elementor-element elementor-element-aea6b63 elementor-widget elementor-widget-text-editor\" data-id=\"aea6b63\" data-element_type=\"widget\" data-widget_type=\"text-editor.default\">\n\t\t\t\t\t\t\t\t\t<p>M\u00e1s all\u00e1 de los beneficios ambientales, nuestro trabajo crea un cambio significativo para los agricultores y la sociedad en general.<\/p><p>Al democratizar el acceso a la innovaci\u00f3n biotecnol\u00f3gica de vanguardia, capacitamos a los agricultores, especialmente a los peque\u00f1os y medianos productores, para que sean m\u00e1s <strong>competitivos, resilientes y econ\u00f3micamente sostenibles<\/strong>. Nuestras soluciones les ayudan a mantener la productividad incluso en condiciones dif\u00edciles, como la sequ\u00eda o el estr\u00e9s clim\u00e1tico, mejorando la rentabilidad de las explotaciones y su viabilidad a largo plazo. <\/p><p>Para los consumidores y el p\u00fablico en general, la reducci\u00f3n del uso de productos qu\u00edmicos, combinada con suelos m\u00e1s saludables y una absorci\u00f3n de nutrientes m\u00e1s eficiente, conduce a <strong>productos agr\u00edcolas de mayor calidad<\/strong>. Esto se traduce en alimentos m\u00e1s seguros y nutritivos y en un impacto positivo directo en la salud p\u00fablica. <\/p><p>Nuestro compromiso no es solo con la innovaci\u00f3n, sino con el progreso inclusivo, donde la regeneraci\u00f3n ambiental y el bienestar social van de la mano.<\/p>\t\t\t\t\t\t\t\t<\/div>\n\t\t\t\t\t<\/div>\n\t\t<\/div>\n\t\t\t\t\t<\/div>\n\t\t<\/section>\n\t\t\t\t<\/div>\n\t\t","protected":false},"excerpt":{"rendered":"<p>Nuestro impacto Impacto ambiental En el coraz\u00f3n de nuestra misi\u00f3n reside el compromiso de regenerar el planeta a trav\u00e9s de [&hellip;]<\/p>\n","protected":false},"author":1,"featured_media":0,"parent":0,"menu_order":0,"comment_status":"closed","ping_status":"closed","template":"elementor_header_footer","meta":{"site-sidebar-layout":"no-sidebar","site-content-layout":"","ast-site-content-layout":"full-width-container","site-content-style":"default","site-sidebar-style":"default","ast-global-header-display":"","ast-banner-title-visibility":"","ast-main-header-display":"","ast-hfb-above-header-display":"","ast-hfb-below-header-display":"","ast-hfb-mobile-header-display":"","site-post-title":"disabled","ast-breadcrumbs-content":"","ast-featured-img":"disabled","footer-sml-layout":"","theme-transparent-header-meta":"default","adv-header-id-meta":"","stick-header-meta":"","header-above-stick-meta":"","header-main-stick-meta":"","header-below-stick-meta":"","astra-migrate-meta-layouts":"default","ast-page-background-enabled":"default","ast-page-background-meta":{"desktop":{"background-color":"var(--ast-global-color-5)","background-image":"","background-repeat":"repeat","background-position":"center center","background-size":"auto","background-attachment":"scroll","background-type":"","background-media":"","overlay-type":"","overlay-color":"","overlay-opacity":"","overlay-gradient":""},"tablet":{"background-color":"","background-image":"","background-repeat":"repeat","background-position":"center center","background-size":"auto","background-attachment":"scroll","background-type":"","background-media":"","overlay-type":"","overlay-color":"","overlay-opacity":"","overlay-gradient":""},"mobile":{"background-color":"","background-image":"","background-repeat":"repeat","background-position":"center center","background-size":"auto","background-attachment":"scroll","background-type":"","background-media":"","overlay-type":"","overlay-color":"","overlay-opacity":"","overlay-gradient":""}},"ast-content-background-meta":{"desktop":{"background-color":"var(--ast-global-color-4)","background-image":"","background-repeat":"repeat","background-position":"center center","background-size":"auto","background-attachment":"scroll","background-type":"","background-media":"","overlay-type":"","overlay-color":"","overlay-opacity":"","overlay-gradient":""},"tablet":{"background-color":"var(--ast-global-color-4)","background-image":"","background-repeat":"repeat","background-position":"center center","background-size":"auto","background-attachment":"scroll","background-type":"","background-media":"","overlay-type":"","overlay-color":"","overlay-opacity":"","overlay-gradient":""},"mobile":{"background-color":"var(--ast-global-color-4)","background-image":"","background-repeat":"repeat","background-position":"center center","background-size":"auto","background-attachment":"scroll","background-type":"","background-media":"","overlay-type":"","overlay-color":"","overlay-opacity":"","overlay-gradient":""}},"footnotes":""},"class_list":["post-1439","page","type-page","status-publish","hentry"],"_links":{"self":[{"href":"https:\/\/phoenixbiosolutions.com\/es\/wp-json\/wp\/v2\/pages\/1439","targetHints":{"allow":["GET"]}}],"collection":[{"href":"https:\/\/phoenixbiosolutions.com\/es\/wp-json\/wp\/v2\/pages"}],"about":[{"href":"https:\/\/phoenixbiosolutions.com\/es\/wp-json\/wp\/v2\/types\/page"}],"author":[{"embeddable":true,"href":"https:\/\/phoenixbiosolutions.com\/es\/wp-json\/wp\/v2\/users\/1"}],"replies":[{"embeddable":true,"href":"https:\/\/phoenixbiosolutions.com\/es\/wp-json\/wp\/v2\/comments?post=1439"}],"version-history":[{"count":2,"href":"https:\/\/phoenixbiosolutions.com\/es\/wp-json\/wp\/v2\/pages\/1439\/revisions"}],"predecessor-version":[{"id":2286,"href":"https:\/\/phoenixbiosolutions.com\/es\/wp-json\/wp\/v2\/pages\/1439\/revisions\/2286"}],"wp:attachment":[{"href":"https:\/\/phoenixbiosolutions.com\/es\/wp-json\/wp\/v2\/media?parent=1439"}],"curies":[{"name":"wp","href":"https:\/\/api.w.org\/{rel}","templated":true}]}}