{"id":1588,"date":"2025-09-23T13:19:48","date_gmt":"2025-09-23T13:19:48","guid":{"rendered":"https:\/\/phoenixbiosolutions.com\/a-propos-de-limpact\/"},"modified":"2025-10-14T09:19:03","modified_gmt":"2025-10-14T09:19:03","slug":"a-propos-de-limpact","status":"publish","type":"page","link":"https:\/\/phoenixbiosolutions.com\/fr\/a-propos-de-limpact\/","title":{"rendered":"\u00c0 propos de l&rsquo;impact"},"content":{"rendered":"\t\t<div data-elementor-type=\"wp-page\" data-elementor-id=\"1588\" class=\"elementor elementor-1588 elementor-1227\" data-elementor-post-type=\"page\">\n\t\t\t\t\t\t<section class=\"elementor-section elementor-top-section elementor-element elementor-element-0c24b4c elementor-section-height-full elementor-section-boxed elementor-section-height-default elementor-section-items-middle\" data-id=\"0c24b4c\" data-element_type=\"section\" data-settings=\"{&quot;background_background&quot;:&quot;classic&quot;}\">\n\t\t\t\t\t\t\t<div class=\"elementor-background-overlay\"><\/div>\n\t\t\t\t\t\t\t<div class=\"elementor-container elementor-column-gap-default\">\n\t\t\t\t\t<div class=\"elementor-column elementor-col-100 elementor-top-column elementor-element elementor-element-e9e2409\" data-id=\"e9e2409\" data-element_type=\"column\">\n\t\t\t<div class=\"elementor-widget-wrap elementor-element-populated\">\n\t\t\t\t\t\t<div class=\"elementor-element elementor-element-f930b8e elementor-widget__width-initial elementor-widget elementor-widget-heading\" data-id=\"f930b8e\" data-element_type=\"widget\" data-widget_type=\"heading.default\">\n\t\t\t\t\t<h1 class=\"elementor-heading-title elementor-size-default\">Notre impact <\/h1>\t\t\t\t<\/div>\n\t\t\t\t<div class=\"elementor-element elementor-element-a028dd0 elementor-widget elementor-widget-spacer\" data-id=\"a028dd0\" data-element_type=\"widget\" data-widget_type=\"spacer.default\">\n\t\t\t\t\t\t\t<div class=\"elementor-spacer\">\n\t\t\t<div class=\"elementor-spacer-inner\"><\/div>\n\t\t<\/div>\n\t\t\t\t\t\t<\/div>\n\t\t\t\t<div class=\"elementor-element elementor-element-ebe3572 elementor-widget__width-auto elementor-view-default elementor-widget elementor-widget-icon\" data-id=\"ebe3572\" data-element_type=\"widget\" data-widget_type=\"icon.default\">\n\t\t\t\t\t\t\t<div class=\"elementor-icon-wrapper\">\n\t\t\t<a class=\"elementor-icon\" href=\"#about-us\">\n\t\t\t<svg xmlns=\"http:\/\/www.w3.org\/2000\/svg\" xmlns:xlink=\"http:\/\/www.w3.org\/1999\/xlink\" width=\"512\" height=\"512\" x=\"0\" y=\"0\" viewBox=\"0 0 32 32\" style=\"enable-background:new 0 0 512 512\" xml:space=\"preserve\"><g transform=\"matrix(1.3200000000000003,0,0,1.3200000000000003,-5.1200000000000045,-5.1200000000000045)\"><path fill=\"#FFFFFF\" fill-rule=\"evenodd\" d=\"M16 28C9.373 28 4 22.627 4 16S9.373 4 16 4s12 5.373 12 12-5.373 12-12 12zm-.5-18a.5.5 0 0 1 1 0v10a.5.5 0 0 1-1 0zm-4.096 8.839a.5.5 0 1 1 .707-.707L16 22.02l3.89-3.89a.5.5 0 0 1 .706.708l-4.242 4.243a.5.5 0 0 1-.708 0z\" clip-rule=\"evenodd\" opacity=\"0.5490196078431373\" data-original=\"#000000\"><\/path><\/g><\/svg>\t\t\t<\/a>\n\t\t<\/div>\n\t\t\t\t\t\t<\/div>\n\t\t\t\t\t<\/div>\n\t\t<\/div>\n\t\t\t\t\t<\/div>\n\t\t<\/section>\n\t\t\t\t<section class=\"elementor-section elementor-top-section elementor-element elementor-element-0b84585 elementor-section-content-middle elementor-reverse-tablet elementor-reverse-mobile_extra elementor-reverse-mobile elementor-section-boxed elementor-section-height-default elementor-section-height-default\" data-id=\"0b84585\" data-element_type=\"section\" id=\"about-us\">\n\t\t\t\t\t\t<div class=\"elementor-container elementor-column-gap-default\">\n\t\t\t\t\t<div class=\"elementor-column elementor-col-50 elementor-top-column elementor-element elementor-element-3902096\" data-id=\"3902096\" data-element_type=\"column\">\n\t\t\t<div class=\"elementor-widget-wrap elementor-element-populated\">\n\t\t\t\t\t\t<div class=\"elementor-element elementor-element-68aaa3a elementor-widget elementor-widget-heading\" data-id=\"68aaa3a\" data-element_type=\"widget\" data-widget_type=\"heading.default\">\n\t\t\t\t\t<h2 class=\"elementor-heading-title elementor-size-default\">Impact environnemental<\/h2>\t\t\t\t<\/div>\n\t\t\t\t<div class=\"elementor-element elementor-element-27bff6e elementor-widget elementor-widget-text-editor\" data-id=\"27bff6e\" data-element_type=\"widget\" data-widget_type=\"text-editor.default\">\n\t\t\t\t\t\t\t\t\t<p>Au c\u0153ur de notre mission se trouve un engagement \u00e0 r\u00e9g\u00e9n\u00e9rer la plan\u00e8te gr\u00e2ce \u00e0 l&rsquo;innovation. Nos biostimulants \u00e0 base de microalgues sont con\u00e7us pour fonctionner en harmonie avec la nature, offrant des avantages mesurables pour la sant\u00e9 des sols et l&rsquo;\u00e9cosyst\u00e8me au sens large. <\/p><p>En stimulant les micro-organismes b\u00e9n\u00e9fiques impliqu\u00e9s dans le cycle du carbone, nos solutions am\u00e9liorent consid\u00e9rablement la <strong>capture du carbone organique du sol<\/strong>, contribuant \u00e0 la r\u00e9g\u00e9n\u00e9ration \u00e0 long terme du sol. Ce processus am\u00e9liore non seulement la structure et la fertilit\u00e9 du sol, mais joue \u00e9galement un r\u00f4le essentiel dans l&rsquo;att\u00e9nuation du changement climatique. L&rsquo;impact estim\u00e9 de nos produits se traduit par <strong>des dizaines de tonnes suppl\u00e9mentaires de carbone s\u00e9questr\u00e9es par hectare<\/strong>, contribuant \u00e0 compenser les \u00e9missions agricoles et \u00e0 restaurer l&rsquo;\u00e9quilibre \u00e9cologique.  <\/p><p>De plus, nos biostimulants activent les communaut\u00e9s microbiennes li\u00e9es aux <strong>cycles de l&rsquo;azote et du phosphore<\/strong>, am\u00e9liorant la disponibilit\u00e9 des nutriments et leur absorption par les cultures. Cette am\u00e9lioration naturelle r\u00e9duit le besoin d&rsquo;engrais synth\u00e9tiques et d&rsquo;autres intrants chimiques de <strong>10 \u00e0 30 %<\/strong>, diminuant les risques de contamination environnementale et favorisant des pratiques agricoles durables. <\/p><p>En substance, notre technologie transforme l&rsquo;agriculture en une force r\u00e9g\u00e9n\u00e9ratrice, qui gu\u00e9rit le sol, r\u00e9duit la d\u00e9pendance chimique et contribue \u00e0 une plan\u00e8te plus saine.<\/p>\t\t\t\t\t\t\t\t<\/div>\n\t\t\t\t\t<\/div>\n\t\t<\/div>\n\t\t\t\t<div class=\"elementor-column elementor-col-50 elementor-top-column elementor-element elementor-element-e4b4420\" data-id=\"e4b4420\" data-element_type=\"column\">\n\t\t\t<div class=\"elementor-widget-wrap elementor-element-populated\">\n\t\t\t\t\t\t<div class=\"elementor-element elementor-element-0790a64 elementor-widget elementor-widget-image\" data-id=\"0790a64\" data-element_type=\"widget\" data-widget_type=\"image.default\">\n\t\t\t\t\t\t\t\t\t\t\t\t\t\t\t<img fetchpriority=\"high\" decoding=\"async\" width=\"2000\" height=\"1333\" src=\"https:\/\/phoenixbiosolutions.com\/wp-content\/uploads\/2025\/09\/standard-quality-control-concept-m-1.webp\" class=\"attachment-full size-full wp-image-1590\" alt=\"\" srcset=\"https:\/\/phoenixbiosolutions.com\/wp-content\/uploads\/2025\/09\/standard-quality-control-concept-m-1.webp 2000w, https:\/\/phoenixbiosolutions.com\/wp-content\/uploads\/2025\/09\/standard-quality-control-concept-m-1-300x200.webp 300w, https:\/\/phoenixbiosolutions.com\/wp-content\/uploads\/2025\/09\/standard-quality-control-concept-m-1-1024x682.webp 1024w, https:\/\/phoenixbiosolutions.com\/wp-content\/uploads\/2025\/09\/standard-quality-control-concept-m-1-768x512.webp 768w, https:\/\/phoenixbiosolutions.com\/wp-content\/uploads\/2025\/09\/standard-quality-control-concept-m-1-1536x1024.webp 1536w\" sizes=\"(max-width: 2000px) 100vw, 2000px\" \/>\t\t\t\t\t\t\t\t\t\t\t\t\t\t\t<\/div>\n\t\t\t\t\t<\/div>\n\t\t<\/div>\n\t\t\t\t\t<\/div>\n\t\t<\/section>\n\t\t\t\t<section class=\"elementor-section elementor-top-section elementor-element elementor-element-2baa7b4 elementor-section-content-middle elementor-section-boxed elementor-section-height-default elementor-section-height-default\" data-id=\"2baa7b4\" data-element_type=\"section\" data-settings=\"{&quot;background_background&quot;:&quot;classic&quot;}\">\n\t\t\t\t\t\t<div class=\"elementor-container elementor-column-gap-default\">\n\t\t\t\t\t<div class=\"elementor-column elementor-col-50 elementor-top-column elementor-element elementor-element-1d614b1\" data-id=\"1d614b1\" data-element_type=\"column\">\n\t\t\t<div class=\"elementor-widget-wrap elementor-element-populated\">\n\t\t\t\t\t\t<div class=\"elementor-element elementor-element-62d4b48 elementor-widget elementor-widget-image\" data-id=\"62d4b48\" data-element_type=\"widget\" data-widget_type=\"image.default\">\n\t\t\t\t\t\t\t\t\t\t\t\t\t\t\t<img decoding=\"async\" width=\"2560\" height=\"1707\" src=\"https:\/\/phoenixbiosolutions.com\/wp-content\/uploads\/2025\/10\/SOCIAL-IMPACT-1-scaled.jpg\" class=\"attachment-full size-full wp-image-2287\" alt=\"\" srcset=\"https:\/\/phoenixbiosolutions.com\/wp-content\/uploads\/2025\/10\/SOCIAL-IMPACT-1-scaled.jpg 2560w, https:\/\/phoenixbiosolutions.com\/wp-content\/uploads\/2025\/10\/SOCIAL-IMPACT-1-300x200.jpg 300w, https:\/\/phoenixbiosolutions.com\/wp-content\/uploads\/2025\/10\/SOCIAL-IMPACT-1-1024x683.jpg 1024w, https:\/\/phoenixbiosolutions.com\/wp-content\/uploads\/2025\/10\/SOCIAL-IMPACT-1-768x512.jpg 768w, https:\/\/phoenixbiosolutions.com\/wp-content\/uploads\/2025\/10\/SOCIAL-IMPACT-1-1536x1024.jpg 1536w, https:\/\/phoenixbiosolutions.com\/wp-content\/uploads\/2025\/10\/SOCIAL-IMPACT-1-2048x1365.jpg 2048w\" sizes=\"(max-width: 2560px) 100vw, 2560px\" \/>\t\t\t\t\t\t\t\t\t\t\t\t\t\t\t<\/div>\n\t\t\t\t\t<\/div>\n\t\t<\/div>\n\t\t\t\t<div class=\"elementor-column elementor-col-50 elementor-top-column elementor-element elementor-element-59ef641\" data-id=\"59ef641\" data-element_type=\"column\">\n\t\t\t<div class=\"elementor-widget-wrap elementor-element-populated\">\n\t\t\t\t\t\t<div class=\"elementor-element elementor-element-edb39b3 elementor-widget elementor-widget-heading\" data-id=\"edb39b3\" data-element_type=\"widget\" data-widget_type=\"heading.default\">\n\t\t\t\t\t<h2 class=\"elementor-heading-title elementor-size-default\">Impact soci\u00e9tal<\/h2>\t\t\t\t<\/div>\n\t\t\t\t<div class=\"elementor-element elementor-element-aea6b63 elementor-widget elementor-widget-text-editor\" data-id=\"aea6b63\" data-element_type=\"widget\" data-widget_type=\"text-editor.default\">\n\t\t\t\t\t\t\t\t\t<p>Au-del\u00e0 des avantages environnementaux, notre travail cr\u00e9e un changement significatif pour les agriculteurs et la soci\u00e9t\u00e9 dans son ensemble.<\/p><p>En d\u00e9mocratisant l&rsquo;acc\u00e8s \u00e0 l&rsquo;innovation biotechnologique de pointe, nous permettons aux agriculteurs, en particulier aux petits et moyens producteurs, de devenir plus <strong>comp\u00e9titifs, r\u00e9silients et \u00e9conomiquement durables<\/strong>. Nos solutions les aident \u00e0 maintenir leur productivit\u00e9 m\u00eame dans des conditions difficiles telles que la s\u00e9cheresse ou le stress climatique, am\u00e9liorant ainsi la rentabilit\u00e9 des exploitations et leur viabilit\u00e9 \u00e0 long terme. <\/p><p>Pour les consommateurs et le grand public, la r\u00e9duction de l&rsquo;utilisation de produits chimiques, combin\u00e9e \u00e0 des sols plus sains et \u00e0 une absorption plus efficace des nutriments, conduit \u00e0 des <strong>produits agricoles de meilleure qualit\u00e9<\/strong>. Cela se traduit par des aliments plus s\u00fbrs et plus nutritifs et un impact positif direct sur la sant\u00e9 publique. <\/p><p>Notre engagement n&rsquo;est pas seulement envers l&rsquo;innovation, mais envers un progr\u00e8s inclusif, o\u00f9 la r\u00e9g\u00e9n\u00e9ration environnementale et le bien-\u00eatre social vont de pair.<\/p>\t\t\t\t\t\t\t\t<\/div>\n\t\t\t\t\t<\/div>\n\t\t<\/div>\n\t\t\t\t\t<\/div>\n\t\t<\/section>\n\t\t\t\t<\/div>\n\t\t","protected":false},"excerpt":{"rendered":"<p>Notre impact Impact environnemental Au c\u0153ur de notre mission se trouve un engagement \u00e0 r\u00e9g\u00e9n\u00e9rer la plan\u00e8te gr\u00e2ce \u00e0 l&rsquo;innovation. [&hellip;]<\/p>\n","protected":false},"author":1,"featured_media":0,"parent":0,"menu_order":0,"comment_status":"closed","ping_status":"closed","template":"elementor_header_footer","meta":{"site-sidebar-layout":"no-sidebar","site-content-layout":"","ast-site-content-layout":"full-width-container","site-content-style":"default","site-sidebar-style":"default","ast-global-header-display":"","ast-banner-title-visibility":"","ast-main-header-display":"","ast-hfb-above-header-display":"","ast-hfb-below-header-display":"","ast-hfb-mobile-header-display":"","site-post-title":"disabled","ast-breadcrumbs-content":"","ast-featured-img":"disabled","footer-sml-layout":"","theme-transparent-header-meta":"default","adv-header-id-meta":"","stick-header-meta":"","header-above-stick-meta":"","header-main-stick-meta":"","header-below-stick-meta":"","astra-migrate-meta-layouts":"default","ast-page-background-enabled":"default","ast-page-background-meta":{"desktop":{"background-color":"var(--ast-global-color-5)","background-image":"","background-repeat":"repeat","background-position":"center center","background-size":"auto","background-attachment":"scroll","background-type":"","background-media":"","overlay-type":"","overlay-color":"","overlay-opacity":"","overlay-gradient":""},"tablet":{"background-color":"","background-image":"","background-repeat":"repeat","background-position":"center center","background-size":"auto","background-attachment":"scroll","background-type":"","background-media":"","overlay-type":"","overlay-color":"","overlay-opacity":"","overlay-gradient":""},"mobile":{"background-color":"","background-image":"","background-repeat":"repeat","background-position":"center center","background-size":"auto","background-attachment":"scroll","background-type":"","background-media":"","overlay-type":"","overlay-color":"","overlay-opacity":"","overlay-gradient":""}},"ast-content-background-meta":{"desktop":{"background-color":"var(--ast-global-color-4)","background-image":"","background-repeat":"repeat","background-position":"center center","background-size":"auto","background-attachment":"scroll","background-type":"","background-media":"","overlay-type":"","overlay-color":"","overlay-opacity":"","overlay-gradient":""},"tablet":{"background-color":"var(--ast-global-color-4)","background-image":"","background-repeat":"repeat","background-position":"center center","background-size":"auto","background-attachment":"scroll","background-type":"","background-media":"","overlay-type":"","overlay-color":"","overlay-opacity":"","overlay-gradient":""},"mobile":{"background-color":"var(--ast-global-color-4)","background-image":"","background-repeat":"repeat","background-position":"center center","background-size":"auto","background-attachment":"scroll","background-type":"","background-media":"","overlay-type":"","overlay-color":"","overlay-opacity":"","overlay-gradient":""}},"footnotes":""},"class_list":["post-1588","page","type-page","status-publish","hentry"],"_links":{"self":[{"href":"https:\/\/phoenixbiosolutions.com\/fr\/wp-json\/wp\/v2\/pages\/1588","targetHints":{"allow":["GET"]}}],"collection":[{"href":"https:\/\/phoenixbiosolutions.com\/fr\/wp-json\/wp\/v2\/pages"}],"about":[{"href":"https:\/\/phoenixbiosolutions.com\/fr\/wp-json\/wp\/v2\/types\/page"}],"author":[{"embeddable":true,"href":"https:\/\/phoenixbiosolutions.com\/fr\/wp-json\/wp\/v2\/users\/1"}],"replies":[{"embeddable":true,"href":"https:\/\/phoenixbiosolutions.com\/fr\/wp-json\/wp\/v2\/comments?post=1588"}],"version-history":[{"count":2,"href":"https:\/\/phoenixbiosolutions.com\/fr\/wp-json\/wp\/v2\/pages\/1588\/revisions"}],"predecessor-version":[{"id":2288,"href":"https:\/\/phoenixbiosolutions.com\/fr\/wp-json\/wp\/v2\/pages\/1588\/revisions\/2288"}],"wp:attachment":[{"href":"https:\/\/phoenixbiosolutions.com\/fr\/wp-json\/wp\/v2\/media?parent=1588"}],"curies":[{"name":"wp","href":"https:\/\/api.w.org\/{rel}","templated":true}]}}