{"id":1539,"date":"2025-09-23T13:19:48","date_gmt":"2025-09-23T13:19:48","guid":{"rendered":"https:\/\/phoenixbiosolutions.com\/sullimpatto\/"},"modified":"2025-10-14T09:19:04","modified_gmt":"2025-10-14T09:19:04","slug":"sullimpatto","status":"publish","type":"page","link":"https:\/\/phoenixbiosolutions.com\/it\/sullimpatto\/","title":{"rendered":"Sull&#8217;impatto"},"content":{"rendered":"\t\t<div data-elementor-type=\"wp-page\" data-elementor-id=\"1539\" class=\"elementor elementor-1539 elementor-1227\" data-elementor-post-type=\"page\">\n\t\t\t\t\t\t<section class=\"elementor-section elementor-top-section elementor-element elementor-element-0c24b4c elementor-section-height-full elementor-section-boxed elementor-section-height-default elementor-section-items-middle\" data-id=\"0c24b4c\" data-element_type=\"section\" data-settings=\"{&quot;background_background&quot;:&quot;classic&quot;}\">\n\t\t\t\t\t\t\t<div class=\"elementor-background-overlay\"><\/div>\n\t\t\t\t\t\t\t<div class=\"elementor-container elementor-column-gap-default\">\n\t\t\t\t\t<div class=\"elementor-column elementor-col-100 elementor-top-column elementor-element elementor-element-e9e2409\" data-id=\"e9e2409\" data-element_type=\"column\">\n\t\t\t<div class=\"elementor-widget-wrap elementor-element-populated\">\n\t\t\t\t\t\t<div class=\"elementor-element elementor-element-f930b8e elementor-widget__width-initial elementor-widget elementor-widget-heading\" data-id=\"f930b8e\" data-element_type=\"widget\" data-widget_type=\"heading.default\">\n\t\t\t\t\t<h1 class=\"elementor-heading-title elementor-size-default\">Il nostro impatto <\/h1>\t\t\t\t<\/div>\n\t\t\t\t<div class=\"elementor-element elementor-element-a028dd0 elementor-widget elementor-widget-spacer\" data-id=\"a028dd0\" data-element_type=\"widget\" data-widget_type=\"spacer.default\">\n\t\t\t\t\t\t\t<div class=\"elementor-spacer\">\n\t\t\t<div class=\"elementor-spacer-inner\"><\/div>\n\t\t<\/div>\n\t\t\t\t\t\t<\/div>\n\t\t\t\t<div class=\"elementor-element elementor-element-ebe3572 elementor-widget__width-auto elementor-view-default elementor-widget elementor-widget-icon\" data-id=\"ebe3572\" data-element_type=\"widget\" data-widget_type=\"icon.default\">\n\t\t\t\t\t\t\t<div class=\"elementor-icon-wrapper\">\n\t\t\t<a class=\"elementor-icon\" href=\"#about-us\">\n\t\t\t<svg xmlns=\"http:\/\/www.w3.org\/2000\/svg\" xmlns:xlink=\"http:\/\/www.w3.org\/1999\/xlink\" width=\"512\" height=\"512\" x=\"0\" y=\"0\" viewBox=\"0 0 32 32\" style=\"enable-background:new 0 0 512 512\" xml:space=\"preserve\"><g transform=\"matrix(1.3200000000000003,0,0,1.3200000000000003,-5.1200000000000045,-5.1200000000000045)\"><path fill=\"#FFFFFF\" fill-rule=\"evenodd\" d=\"M16 28C9.373 28 4 22.627 4 16S9.373 4 16 4s12 5.373 12 12-5.373 12-12 12zm-.5-18a.5.5 0 0 1 1 0v10a.5.5 0 0 1-1 0zm-4.096 8.839a.5.5 0 1 1 .707-.707L16 22.02l3.89-3.89a.5.5 0 0 1 .706.708l-4.242 4.243a.5.5 0 0 1-.708 0z\" clip-rule=\"evenodd\" opacity=\"0.5490196078431373\" data-original=\"#000000\"><\/path><\/g><\/svg>\t\t\t<\/a>\n\t\t<\/div>\n\t\t\t\t\t\t<\/div>\n\t\t\t\t\t<\/div>\n\t\t<\/div>\n\t\t\t\t\t<\/div>\n\t\t<\/section>\n\t\t\t\t<section class=\"elementor-section elementor-top-section elementor-element elementor-element-0b84585 elementor-section-content-middle elementor-reverse-tablet elementor-reverse-mobile_extra elementor-reverse-mobile elementor-section-boxed elementor-section-height-default elementor-section-height-default\" data-id=\"0b84585\" data-element_type=\"section\" id=\"about-us\">\n\t\t\t\t\t\t<div class=\"elementor-container elementor-column-gap-default\">\n\t\t\t\t\t<div class=\"elementor-column elementor-col-50 elementor-top-column elementor-element elementor-element-3902096\" data-id=\"3902096\" data-element_type=\"column\">\n\t\t\t<div class=\"elementor-widget-wrap elementor-element-populated\">\n\t\t\t\t\t\t<div class=\"elementor-element elementor-element-68aaa3a elementor-widget elementor-widget-heading\" data-id=\"68aaa3a\" data-element_type=\"widget\" data-widget_type=\"heading.default\">\n\t\t\t\t\t<h2 class=\"elementor-heading-title elementor-size-default\">Impatto ambientale<\/h2>\t\t\t\t<\/div>\n\t\t\t\t<div class=\"elementor-element elementor-element-27bff6e elementor-widget elementor-widget-text-editor\" data-id=\"27bff6e\" data-element_type=\"widget\" data-widget_type=\"text-editor.default\">\n\t\t\t\t\t\t\t\t\t<p>Al centro della nostra missione c&#8217;\u00e8 l&#8217;impegno a rigenerare il pianeta attraverso l&#8217;innovazione. I nostri biostimolanti a base di microalghe sono progettati per lavorare in armonia con la natura, apportando benefici misurabili alla salute del suolo e all&#8217;ecosistema pi\u00f9 ampio. <\/p><p>Stimolando i microrganismi benefici coinvolti nel ciclo del carbonio, le nostre soluzioni migliorano significativamente la <strong>cattura del carbonio organico del suolo<\/strong>, contribuendo alla rigenerazione del suolo a lungo termine. Questo processo non solo migliora la struttura e la fertilit\u00e0 del suolo, ma svolge anche un ruolo vitale nella mitigazione del clima. L&#8217;impatto stimato dei nostri prodotti si traduce in <strong>decine di tonnellate aggiuntive di carbonio sequestrato per ettaro<\/strong>, contribuendo a compensare le emissioni agricole e a ripristinare l&#8217;equilibrio ecologico.  <\/p><p>Inoltre, i nostri biostimolanti attivano le comunit\u00e0 microbiche legate ai <strong>cicli dell&#8217;azoto e del fosforo<\/strong>, migliorando la disponibilit\u00e0 e l&#8217;assorbimento dei nutrienti da parte delle colture. Questo miglioramento naturale riduce la necessit\u00e0 di fertilizzanti sintetici e altri input chimici del <strong>10-30%<\/strong>, diminuendo i rischi di contaminazione ambientale e promuovendo pratiche agricole sostenibili. <\/p><p>In sintesi, la nostra tecnologia trasforma l&#8217;agricoltura in una forza rigenerativa, che risana il suolo, riduce la dipendenza chimica e contribuisce a un pianeta pi\u00f9 sano.<\/p>\t\t\t\t\t\t\t\t<\/div>\n\t\t\t\t\t<\/div>\n\t\t<\/div>\n\t\t\t\t<div class=\"elementor-column elementor-col-50 elementor-top-column elementor-element elementor-element-e4b4420\" data-id=\"e4b4420\" data-element_type=\"column\">\n\t\t\t<div class=\"elementor-widget-wrap elementor-element-populated\">\n\t\t\t\t\t\t<div class=\"elementor-element elementor-element-0790a64 elementor-widget elementor-widget-image\" data-id=\"0790a64\" data-element_type=\"widget\" data-widget_type=\"image.default\">\n\t\t\t\t\t\t\t\t\t\t\t\t\t\t\t<img fetchpriority=\"high\" decoding=\"async\" width=\"2000\" height=\"1333\" src=\"https:\/\/phoenixbiosolutions.com\/wp-content\/uploads\/2025\/09\/standard-quality-control-concept-m-1.webp\" class=\"attachment-full size-full wp-image-1541\" alt=\"\" srcset=\"https:\/\/phoenixbiosolutions.com\/wp-content\/uploads\/2025\/09\/standard-quality-control-concept-m-1.webp 2000w, https:\/\/phoenixbiosolutions.com\/wp-content\/uploads\/2025\/09\/standard-quality-control-concept-m-1-300x200.webp 300w, https:\/\/phoenixbiosolutions.com\/wp-content\/uploads\/2025\/09\/standard-quality-control-concept-m-1-1024x682.webp 1024w, https:\/\/phoenixbiosolutions.com\/wp-content\/uploads\/2025\/09\/standard-quality-control-concept-m-1-768x512.webp 768w, https:\/\/phoenixbiosolutions.com\/wp-content\/uploads\/2025\/09\/standard-quality-control-concept-m-1-1536x1024.webp 1536w\" sizes=\"(max-width: 2000px) 100vw, 2000px\" \/>\t\t\t\t\t\t\t\t\t\t\t\t\t\t\t<\/div>\n\t\t\t\t\t<\/div>\n\t\t<\/div>\n\t\t\t\t\t<\/div>\n\t\t<\/section>\n\t\t\t\t<section class=\"elementor-section elementor-top-section elementor-element elementor-element-2baa7b4 elementor-section-content-middle elementor-section-boxed elementor-section-height-default elementor-section-height-default\" data-id=\"2baa7b4\" data-element_type=\"section\" data-settings=\"{&quot;background_background&quot;:&quot;classic&quot;}\">\n\t\t\t\t\t\t<div class=\"elementor-container elementor-column-gap-default\">\n\t\t\t\t\t<div class=\"elementor-column elementor-col-50 elementor-top-column elementor-element elementor-element-1d614b1\" data-id=\"1d614b1\" data-element_type=\"column\">\n\t\t\t<div class=\"elementor-widget-wrap elementor-element-populated\">\n\t\t\t\t\t\t<div class=\"elementor-element elementor-element-62d4b48 elementor-widget elementor-widget-image\" data-id=\"62d4b48\" data-element_type=\"widget\" data-widget_type=\"image.default\">\n\t\t\t\t\t\t\t\t\t\t\t\t\t\t\t<img decoding=\"async\" width=\"2560\" height=\"1707\" src=\"https:\/\/phoenixbiosolutions.com\/wp-content\/uploads\/2025\/10\/SOCIAL-IMPACT-1-scaled.jpg\" class=\"attachment-full size-full wp-image-2289\" alt=\"\" srcset=\"https:\/\/phoenixbiosolutions.com\/wp-content\/uploads\/2025\/10\/SOCIAL-IMPACT-1-scaled.jpg 2560w, https:\/\/phoenixbiosolutions.com\/wp-content\/uploads\/2025\/10\/SOCIAL-IMPACT-1-300x200.jpg 300w, https:\/\/phoenixbiosolutions.com\/wp-content\/uploads\/2025\/10\/SOCIAL-IMPACT-1-1024x683.jpg 1024w, https:\/\/phoenixbiosolutions.com\/wp-content\/uploads\/2025\/10\/SOCIAL-IMPACT-1-768x512.jpg 768w, https:\/\/phoenixbiosolutions.com\/wp-content\/uploads\/2025\/10\/SOCIAL-IMPACT-1-1536x1024.jpg 1536w, https:\/\/phoenixbiosolutions.com\/wp-content\/uploads\/2025\/10\/SOCIAL-IMPACT-1-2048x1365.jpg 2048w\" sizes=\"(max-width: 2560px) 100vw, 2560px\" \/>\t\t\t\t\t\t\t\t\t\t\t\t\t\t\t<\/div>\n\t\t\t\t\t<\/div>\n\t\t<\/div>\n\t\t\t\t<div class=\"elementor-column elementor-col-50 elementor-top-column elementor-element elementor-element-59ef641\" data-id=\"59ef641\" data-element_type=\"column\">\n\t\t\t<div class=\"elementor-widget-wrap elementor-element-populated\">\n\t\t\t\t\t\t<div class=\"elementor-element elementor-element-edb39b3 elementor-widget elementor-widget-heading\" data-id=\"edb39b3\" data-element_type=\"widget\" data-widget_type=\"heading.default\">\n\t\t\t\t\t<h2 class=\"elementor-heading-title elementor-size-default\">Impatto sociale<\/h2>\t\t\t\t<\/div>\n\t\t\t\t<div class=\"elementor-element elementor-element-aea6b63 elementor-widget elementor-widget-text-editor\" data-id=\"aea6b63\" data-element_type=\"widget\" data-widget_type=\"text-editor.default\">\n\t\t\t\t\t\t\t\t\t<p>Oltre ai benefici ambientali, il nostro lavoro crea un cambiamento significativo per gli agricoltori e per la societ\u00e0 in generale.<\/p><p>Democratizzando l&#8217;accesso all&#8217;innovazione biotecnologica all&#8217;avanguardia, diamo agli agricoltori \u2013 in particolare ai piccoli e medi produttori \u2013 la possibilit\u00e0 di diventare pi\u00f9 <strong>competitivi, resilienti ed economicamente sostenibili<\/strong>. Le nostre soluzioni li aiutano a mantenere la produttivit\u00e0 anche in condizioni difficili come siccit\u00e0 o stress climatico, migliorando la redditivit\u00e0 agricola e la sostenibilit\u00e0 a lungo termine. <\/p><p>Per i consumatori e il pubblico in generale, l&#8217;uso ridotto di prodotti chimici, combinato con suoli pi\u00f9 sani e un assorbimento pi\u00f9 efficiente dei nutrienti, porta a <strong>prodotti agricoli di qualit\u00e0 superiore<\/strong>. Ci\u00f2 si traduce in alimenti pi\u00f9 sicuri, pi\u00f9 nutrienti e in un impatto positivo diretto sulla salute pubblica. <\/p><p>Il nostro impegno non \u00e8 solo per l&#8217;innovazione, ma per un progresso inclusivo, dove la rigenerazione ambientale e il benessere sociale vanno di pari passo.<\/p>\t\t\t\t\t\t\t\t<\/div>\n\t\t\t\t\t<\/div>\n\t\t<\/div>\n\t\t\t\t\t<\/div>\n\t\t<\/section>\n\t\t\t\t<\/div>\n\t\t","protected":false},"excerpt":{"rendered":"<p>Il nostro impatto Impatto ambientale Al centro della nostra missione c&#8217;\u00e8 l&#8217;impegno a rigenerare il pianeta attraverso l&#8217;innovazione. I nostri [&hellip;]<\/p>\n","protected":false},"author":1,"featured_media":0,"parent":0,"menu_order":0,"comment_status":"closed","ping_status":"closed","template":"elementor_header_footer","meta":{"site-sidebar-layout":"no-sidebar","site-content-layout":"","ast-site-content-layout":"full-width-container","site-content-style":"default","site-sidebar-style":"default","ast-global-header-display":"","ast-banner-title-visibility":"","ast-main-header-display":"","ast-hfb-above-header-display":"","ast-hfb-below-header-display":"","ast-hfb-mobile-header-display":"","site-post-title":"disabled","ast-breadcrumbs-content":"","ast-featured-img":"disabled","footer-sml-layout":"","theme-transparent-header-meta":"default","adv-header-id-meta":"","stick-header-meta":"","header-above-stick-meta":"","header-main-stick-meta":"","header-below-stick-meta":"","astra-migrate-meta-layouts":"default","ast-page-background-enabled":"default","ast-page-background-meta":{"desktop":{"background-color":"var(--ast-global-color-5)","background-image":"","background-repeat":"repeat","background-position":"center center","background-size":"auto","background-attachment":"scroll","background-type":"","background-media":"","overlay-type":"","overlay-color":"","overlay-opacity":"","overlay-gradient":""},"tablet":{"background-color":"","background-image":"","background-repeat":"repeat","background-position":"center center","background-size":"auto","background-attachment":"scroll","background-type":"","background-media":"","overlay-type":"","overlay-color":"","overlay-opacity":"","overlay-gradient":""},"mobile":{"background-color":"","background-image":"","background-repeat":"repeat","background-position":"center center","background-size":"auto","background-attachment":"scroll","background-type":"","background-media":"","overlay-type":"","overlay-color":"","overlay-opacity":"","overlay-gradient":""}},"ast-content-background-meta":{"desktop":{"background-color":"var(--ast-global-color-4)","background-image":"","background-repeat":"repeat","background-position":"center center","background-size":"auto","background-attachment":"scroll","background-type":"","background-media":"","overlay-type":"","overlay-color":"","overlay-opacity":"","overlay-gradient":""},"tablet":{"background-color":"var(--ast-global-color-4)","background-image":"","background-repeat":"repeat","background-position":"center center","background-size":"auto","background-attachment":"scroll","background-type":"","background-media":"","overlay-type":"","overlay-color":"","overlay-opacity":"","overlay-gradient":""},"mobile":{"background-color":"var(--ast-global-color-4)","background-image":"","background-repeat":"repeat","background-position":"center center","background-size":"auto","background-attachment":"scroll","background-type":"","background-media":"","overlay-type":"","overlay-color":"","overlay-opacity":"","overlay-gradient":""}},"footnotes":""},"class_list":["post-1539","page","type-page","status-publish","hentry"],"_links":{"self":[{"href":"https:\/\/phoenixbiosolutions.com\/it\/wp-json\/wp\/v2\/pages\/1539","targetHints":{"allow":["GET"]}}],"collection":[{"href":"https:\/\/phoenixbiosolutions.com\/it\/wp-json\/wp\/v2\/pages"}],"about":[{"href":"https:\/\/phoenixbiosolutions.com\/it\/wp-json\/wp\/v2\/types\/page"}],"author":[{"embeddable":true,"href":"https:\/\/phoenixbiosolutions.com\/it\/wp-json\/wp\/v2\/users\/1"}],"replies":[{"embeddable":true,"href":"https:\/\/phoenixbiosolutions.com\/it\/wp-json\/wp\/v2\/comments?post=1539"}],"version-history":[{"count":2,"href":"https:\/\/phoenixbiosolutions.com\/it\/wp-json\/wp\/v2\/pages\/1539\/revisions"}],"predecessor-version":[{"id":2290,"href":"https:\/\/phoenixbiosolutions.com\/it\/wp-json\/wp\/v2\/pages\/1539\/revisions\/2290"}],"wp:attachment":[{"href":"https:\/\/phoenixbiosolutions.com\/it\/wp-json\/wp\/v2\/media?parent=1539"}],"curies":[{"name":"wp","href":"https:\/\/api.w.org\/{rel}","templated":true}]}}