{"id":1488,"date":"2025-09-23T13:19:48","date_gmt":"2025-09-23T13:19:48","guid":{"rendered":"https:\/\/phoenixbiosolutions.com\/sobre-o-impacto\/"},"modified":"2025-10-14T09:19:04","modified_gmt":"2025-10-14T09:19:04","slug":"sobre-o-impacto","status":"publish","type":"page","link":"https:\/\/phoenixbiosolutions.com\/pt-br\/sobre-o-impacto\/","title":{"rendered":"Sobre o impacto"},"content":{"rendered":"\t\t<div data-elementor-type=\"wp-page\" data-elementor-id=\"1488\" class=\"elementor elementor-1488 elementor-1227\" data-elementor-post-type=\"page\">\n\t\t\t\t\t\t<section class=\"elementor-section elementor-top-section elementor-element elementor-element-0c24b4c elementor-section-height-full elementor-section-boxed elementor-section-height-default elementor-section-items-middle\" data-id=\"0c24b4c\" data-element_type=\"section\" data-settings=\"{&quot;background_background&quot;:&quot;classic&quot;}\">\n\t\t\t\t\t\t\t<div class=\"elementor-background-overlay\"><\/div>\n\t\t\t\t\t\t\t<div class=\"elementor-container elementor-column-gap-default\">\n\t\t\t\t\t<div class=\"elementor-column elementor-col-100 elementor-top-column elementor-element elementor-element-e9e2409\" data-id=\"e9e2409\" data-element_type=\"column\">\n\t\t\t<div class=\"elementor-widget-wrap elementor-element-populated\">\n\t\t\t\t\t\t<div class=\"elementor-element elementor-element-f930b8e elementor-widget__width-initial elementor-widget elementor-widget-heading\" data-id=\"f930b8e\" data-element_type=\"widget\" data-widget_type=\"heading.default\">\n\t\t\t\t\t<h1 class=\"elementor-heading-title elementor-size-default\">Nosso impacto <\/h1>\t\t\t\t<\/div>\n\t\t\t\t<div class=\"elementor-element elementor-element-a028dd0 elementor-widget elementor-widget-spacer\" data-id=\"a028dd0\" data-element_type=\"widget\" data-widget_type=\"spacer.default\">\n\t\t\t\t\t\t\t<div class=\"elementor-spacer\">\n\t\t\t<div class=\"elementor-spacer-inner\"><\/div>\n\t\t<\/div>\n\t\t\t\t\t\t<\/div>\n\t\t\t\t<div class=\"elementor-element elementor-element-ebe3572 elementor-widget__width-auto elementor-view-default elementor-widget elementor-widget-icon\" data-id=\"ebe3572\" data-element_type=\"widget\" data-widget_type=\"icon.default\">\n\t\t\t\t\t\t\t<div class=\"elementor-icon-wrapper\">\n\t\t\t<a class=\"elementor-icon\" href=\"#about-us\">\n\t\t\t<svg xmlns=\"http:\/\/www.w3.org\/2000\/svg\" xmlns:xlink=\"http:\/\/www.w3.org\/1999\/xlink\" width=\"512\" height=\"512\" x=\"0\" y=\"0\" viewBox=\"0 0 32 32\" style=\"enable-background:new 0 0 512 512\" xml:space=\"preserve\"><g transform=\"matrix(1.3200000000000003,0,0,1.3200000000000003,-5.1200000000000045,-5.1200000000000045)\"><path fill=\"#FFFFFF\" fill-rule=\"evenodd\" d=\"M16 28C9.373 28 4 22.627 4 16S9.373 4 16 4s12 5.373 12 12-5.373 12-12 12zm-.5-18a.5.5 0 0 1 1 0v10a.5.5 0 0 1-1 0zm-4.096 8.839a.5.5 0 1 1 .707-.707L16 22.02l3.89-3.89a.5.5 0 0 1 .706.708l-4.242 4.243a.5.5 0 0 1-.708 0z\" clip-rule=\"evenodd\" opacity=\"0.5490196078431373\" data-original=\"#000000\"><\/path><\/g><\/svg>\t\t\t<\/a>\n\t\t<\/div>\n\t\t\t\t\t\t<\/div>\n\t\t\t\t\t<\/div>\n\t\t<\/div>\n\t\t\t\t\t<\/div>\n\t\t<\/section>\n\t\t\t\t<section class=\"elementor-section elementor-top-section elementor-element elementor-element-0b84585 elementor-section-content-middle elementor-reverse-tablet elementor-reverse-mobile_extra elementor-reverse-mobile elementor-section-boxed elementor-section-height-default elementor-section-height-default\" data-id=\"0b84585\" data-element_type=\"section\" id=\"about-us\">\n\t\t\t\t\t\t<div class=\"elementor-container elementor-column-gap-default\">\n\t\t\t\t\t<div class=\"elementor-column elementor-col-50 elementor-top-column elementor-element elementor-element-3902096\" data-id=\"3902096\" data-element_type=\"column\">\n\t\t\t<div class=\"elementor-widget-wrap elementor-element-populated\">\n\t\t\t\t\t\t<div class=\"elementor-element elementor-element-68aaa3a elementor-widget elementor-widget-heading\" data-id=\"68aaa3a\" data-element_type=\"widget\" data-widget_type=\"heading.default\">\n\t\t\t\t\t<h2 class=\"elementor-heading-title elementor-size-default\">Impacto ambiental<\/h2>\t\t\t\t<\/div>\n\t\t\t\t<div class=\"elementor-element elementor-element-27bff6e elementor-widget elementor-widget-text-editor\" data-id=\"27bff6e\" data-element_type=\"widget\" data-widget_type=\"text-editor.default\">\n\t\t\t\t\t\t\t\t\t<p>No cerne da nossa miss\u00e3o reside um compromisso de regenerar o planeta atrav\u00e9s da inova\u00e7\u00e3o. Nossos bioestimulantes \u00e0 base de microalgas s\u00e3o projetados para trabalhar em harmonia com a natureza, proporcionando benef\u00edcios mensur\u00e1veis \u00e0 sa\u00fade do solo e ao ecossistema mais amplo. <\/p><p>Ao estimular microrganismos ben\u00e9ficos envolvidos no ciclo do carbono, nossas solu\u00e7\u00f5es aumentam significativamente a <strong>captura de carbono org\u00e2nico do solo<\/strong>, contribuindo para a regenera\u00e7\u00e3o do solo a longo prazo. Este processo n\u00e3o s\u00f3 melhora a estrutura e a fertilidade do solo, mas tamb\u00e9m desempenha um papel vital na mitiga\u00e7\u00e3o das altera\u00e7\u00f5es clim\u00e1ticas. O impacto estimado de nossos produtos se traduz em <strong>dezenas de toneladas adicionais de carbono sequestrado por hectare<\/strong>, ajudando a compensar as emiss\u00f5es agr\u00edcolas e a restaurar o equil\u00edbrio ecol\u00f3gico.  <\/p><p>Al\u00e9m disso, nossos bioestimulantes ativam comunidades microbianas ligadas aos <strong>ciclos de nitrog\u00eanio e f\u00f3sforo<\/strong>, melhorando a disponibilidade de nutrientes e a absor\u00e7\u00e3o pelas culturas. Este aprimoramento natural reduz a necessidade de fertilizantes sint\u00e9ticos e outros insumos qu\u00edmicos em <strong>10\u201330%<\/strong>, diminuindo os riscos de contamina\u00e7\u00e3o ambiental e promovendo pr\u00e1ticas agr\u00edcolas sustent\u00e1veis. <\/p><p>Em ess\u00eancia, nossa tecnologia transforma a agricultura em uma for\u00e7a regenerativa \u2014 uma que cura o solo, reduz a depend\u00eancia de produtos qu\u00edmicos e contribui para um planeta mais saud\u00e1vel.<\/p>\t\t\t\t\t\t\t\t<\/div>\n\t\t\t\t\t<\/div>\n\t\t<\/div>\n\t\t\t\t<div class=\"elementor-column elementor-col-50 elementor-top-column elementor-element elementor-element-e4b4420\" data-id=\"e4b4420\" data-element_type=\"column\">\n\t\t\t<div class=\"elementor-widget-wrap elementor-element-populated\">\n\t\t\t\t\t\t<div class=\"elementor-element elementor-element-0790a64 elementor-widget elementor-widget-image\" data-id=\"0790a64\" data-element_type=\"widget\" data-widget_type=\"image.default\">\n\t\t\t\t\t\t\t\t\t\t\t\t\t\t\t<img fetchpriority=\"high\" decoding=\"async\" width=\"2000\" height=\"1333\" src=\"https:\/\/phoenixbiosolutions.com\/wp-content\/uploads\/2025\/09\/standard-quality-control-concept-m-1.webp\" class=\"attachment-full size-full wp-image-1490\" alt=\"\" srcset=\"https:\/\/phoenixbiosolutions.com\/wp-content\/uploads\/2025\/09\/standard-quality-control-concept-m-1.webp 2000w, https:\/\/phoenixbiosolutions.com\/wp-content\/uploads\/2025\/09\/standard-quality-control-concept-m-1-300x200.webp 300w, https:\/\/phoenixbiosolutions.com\/wp-content\/uploads\/2025\/09\/standard-quality-control-concept-m-1-1024x682.webp 1024w, https:\/\/phoenixbiosolutions.com\/wp-content\/uploads\/2025\/09\/standard-quality-control-concept-m-1-768x512.webp 768w, https:\/\/phoenixbiosolutions.com\/wp-content\/uploads\/2025\/09\/standard-quality-control-concept-m-1-1536x1024.webp 1536w\" sizes=\"(max-width: 2000px) 100vw, 2000px\" \/>\t\t\t\t\t\t\t\t\t\t\t\t\t\t\t<\/div>\n\t\t\t\t\t<\/div>\n\t\t<\/div>\n\t\t\t\t\t<\/div>\n\t\t<\/section>\n\t\t\t\t<section class=\"elementor-section elementor-top-section elementor-element elementor-element-2baa7b4 elementor-section-content-middle elementor-section-boxed elementor-section-height-default elementor-section-height-default\" data-id=\"2baa7b4\" data-element_type=\"section\" data-settings=\"{&quot;background_background&quot;:&quot;classic&quot;}\">\n\t\t\t\t\t\t<div class=\"elementor-container elementor-column-gap-default\">\n\t\t\t\t\t<div class=\"elementor-column elementor-col-50 elementor-top-column elementor-element elementor-element-1d614b1\" data-id=\"1d614b1\" data-element_type=\"column\">\n\t\t\t<div class=\"elementor-widget-wrap elementor-element-populated\">\n\t\t\t\t\t\t<div class=\"elementor-element elementor-element-62d4b48 elementor-widget elementor-widget-image\" data-id=\"62d4b48\" data-element_type=\"widget\" data-widget_type=\"image.default\">\n\t\t\t\t\t\t\t\t\t\t\t\t\t\t\t<img decoding=\"async\" width=\"2560\" height=\"1707\" src=\"https:\/\/phoenixbiosolutions.com\/wp-content\/uploads\/2025\/10\/SOCIAL-IMPACT-1-scaled.jpg\" class=\"attachment-full size-full wp-image-2291\" alt=\"\" srcset=\"https:\/\/phoenixbiosolutions.com\/wp-content\/uploads\/2025\/10\/SOCIAL-IMPACT-1-scaled.jpg 2560w, https:\/\/phoenixbiosolutions.com\/wp-content\/uploads\/2025\/10\/SOCIAL-IMPACT-1-300x200.jpg 300w, https:\/\/phoenixbiosolutions.com\/wp-content\/uploads\/2025\/10\/SOCIAL-IMPACT-1-1024x683.jpg 1024w, https:\/\/phoenixbiosolutions.com\/wp-content\/uploads\/2025\/10\/SOCIAL-IMPACT-1-768x512.jpg 768w, https:\/\/phoenixbiosolutions.com\/wp-content\/uploads\/2025\/10\/SOCIAL-IMPACT-1-1536x1024.jpg 1536w, https:\/\/phoenixbiosolutions.com\/wp-content\/uploads\/2025\/10\/SOCIAL-IMPACT-1-2048x1365.jpg 2048w\" sizes=\"(max-width: 2560px) 100vw, 2560px\" \/>\t\t\t\t\t\t\t\t\t\t\t\t\t\t\t<\/div>\n\t\t\t\t\t<\/div>\n\t\t<\/div>\n\t\t\t\t<div class=\"elementor-column elementor-col-50 elementor-top-column elementor-element elementor-element-59ef641\" data-id=\"59ef641\" data-element_type=\"column\">\n\t\t\t<div class=\"elementor-widget-wrap elementor-element-populated\">\n\t\t\t\t\t\t<div class=\"elementor-element elementor-element-edb39b3 elementor-widget elementor-widget-heading\" data-id=\"edb39b3\" data-element_type=\"widget\" data-widget_type=\"heading.default\">\n\t\t\t\t\t<h2 class=\"elementor-heading-title elementor-size-default\">Impacto social<\/h2>\t\t\t\t<\/div>\n\t\t\t\t<div class=\"elementor-element elementor-element-aea6b63 elementor-widget elementor-widget-text-editor\" data-id=\"aea6b63\" data-element_type=\"widget\" data-widget_type=\"text-editor.default\">\n\t\t\t\t\t\t\t\t\t<p>Al\u00e9m dos benef\u00edcios ambientais, nosso trabalho cria mudan\u00e7as significativas para os agricultores e a sociedade em geral.<\/p><p>Ao democratizar o acesso \u00e0 inova\u00e7\u00e3o biotecnol\u00f3gica de ponta, capacitamos os agricultores \u2014 especialmente os pequenos e m\u00e9dios produtores \u2014 a se tornarem mais <strong>competitivos, resilientes e economicamente sustent\u00e1veis<\/strong>. Nossas solu\u00e7\u00f5es os ajudam a manter a produtividade mesmo em condi\u00e7\u00f5es desafiadoras, como seca ou estresse clim\u00e1tico, melhorando a rentabilidade da fazenda e a viabilidade a longo prazo. <\/p><p>Para os consumidores e o p\u00fablico em geral, a redu\u00e7\u00e3o do uso de produtos qu\u00edmicos combinada com solos mais saud\u00e1veis e uma absor\u00e7\u00e3o de nutrientes mais eficiente leva a <strong>produtos agr\u00edcolas de maior qualidade<\/strong>. Isso se traduz em alimentos mais seguros e nutritivos e um impacto positivo direto na sa\u00fade p\u00fablica. <\/p><p>Nosso compromisso n\u00e3o \u00e9 apenas com a inova\u00e7\u00e3o, mas com o progresso inclusivo \u2014 onde a regenera\u00e7\u00e3o ambiental e o bem-estar social andam de m\u00e3os dadas.<\/p>\t\t\t\t\t\t\t\t<\/div>\n\t\t\t\t\t<\/div>\n\t\t<\/div>\n\t\t\t\t\t<\/div>\n\t\t<\/section>\n\t\t\t\t<\/div>\n\t\t","protected":false},"excerpt":{"rendered":"<p>Nosso impacto Impacto ambiental No cerne da nossa miss\u00e3o reside um compromisso de regenerar o planeta atrav\u00e9s da inova\u00e7\u00e3o. Nossos [&hellip;]<\/p>\n","protected":false},"author":1,"featured_media":0,"parent":0,"menu_order":0,"comment_status":"closed","ping_status":"closed","template":"elementor_header_footer","meta":{"site-sidebar-layout":"no-sidebar","site-content-layout":"","ast-site-content-layout":"full-width-container","site-content-style":"default","site-sidebar-style":"default","ast-global-header-display":"","ast-banner-title-visibility":"","ast-main-header-display":"","ast-hfb-above-header-display":"","ast-hfb-below-header-display":"","ast-hfb-mobile-header-display":"","site-post-title":"disabled","ast-breadcrumbs-content":"","ast-featured-img":"disabled","footer-sml-layout":"","theme-transparent-header-meta":"default","adv-header-id-meta":"","stick-header-meta":"","header-above-stick-meta":"","header-main-stick-meta":"","header-below-stick-meta":"","astra-migrate-meta-layouts":"default","ast-page-background-enabled":"default","ast-page-background-meta":{"desktop":{"background-color":"var(--ast-global-color-5)","background-image":"","background-repeat":"repeat","background-position":"center center","background-size":"auto","background-attachment":"scroll","background-type":"","background-media":"","overlay-type":"","overlay-color":"","overlay-opacity":"","overlay-gradient":""},"tablet":{"background-color":"","background-image":"","background-repeat":"repeat","background-position":"center center","background-size":"auto","background-attachment":"scroll","background-type":"","background-media":"","overlay-type":"","overlay-color":"","overlay-opacity":"","overlay-gradient":""},"mobile":{"background-color":"","background-image":"","background-repeat":"repeat","background-position":"center center","background-size":"auto","background-attachment":"scroll","background-type":"","background-media":"","overlay-type":"","overlay-color":"","overlay-opacity":"","overlay-gradient":""}},"ast-content-background-meta":{"desktop":{"background-color":"var(--ast-global-color-4)","background-image":"","background-repeat":"repeat","background-position":"center center","background-size":"auto","background-attachment":"scroll","background-type":"","background-media":"","overlay-type":"","overlay-color":"","overlay-opacity":"","overlay-gradient":""},"tablet":{"background-color":"var(--ast-global-color-4)","background-image":"","background-repeat":"repeat","background-position":"center center","background-size":"auto","background-attachment":"scroll","background-type":"","background-media":"","overlay-type":"","overlay-color":"","overlay-opacity":"","overlay-gradient":""},"mobile":{"background-color":"var(--ast-global-color-4)","background-image":"","background-repeat":"repeat","background-position":"center center","background-size":"auto","background-attachment":"scroll","background-type":"","background-media":"","overlay-type":"","overlay-color":"","overlay-opacity":"","overlay-gradient":""}},"footnotes":""},"class_list":["post-1488","page","type-page","status-publish","hentry"],"_links":{"self":[{"href":"https:\/\/phoenixbiosolutions.com\/pt-br\/wp-json\/wp\/v2\/pages\/1488","targetHints":{"allow":["GET"]}}],"collection":[{"href":"https:\/\/phoenixbiosolutions.com\/pt-br\/wp-json\/wp\/v2\/pages"}],"about":[{"href":"https:\/\/phoenixbiosolutions.com\/pt-br\/wp-json\/wp\/v2\/types\/page"}],"author":[{"embeddable":true,"href":"https:\/\/phoenixbiosolutions.com\/pt-br\/wp-json\/wp\/v2\/users\/1"}],"replies":[{"embeddable":true,"href":"https:\/\/phoenixbiosolutions.com\/pt-br\/wp-json\/wp\/v2\/comments?post=1488"}],"version-history":[{"count":2,"href":"https:\/\/phoenixbiosolutions.com\/pt-br\/wp-json\/wp\/v2\/pages\/1488\/revisions"}],"predecessor-version":[{"id":2292,"href":"https:\/\/phoenixbiosolutions.com\/pt-br\/wp-json\/wp\/v2\/pages\/1488\/revisions\/2292"}],"wp:attachment":[{"href":"https:\/\/phoenixbiosolutions.com\/pt-br\/wp-json\/wp\/v2\/media?parent=1488"}],"curies":[{"name":"wp","href":"https:\/\/api.w.org\/{rel}","templated":true}]}}